{"id":258,"date":"2018-01-22T10:17:40","date_gmt":"2018-01-22T14:17:40","guid":{"rendered":"http:\/\/new.alcaldiasdn.gov.do\/transparencia\/?page_id=258"},"modified":"2026-04-15T12:15:01","modified_gmt":"2026-04-15T16:15:01","slug":"responsable-de-acceso-a-la-informacion","status":"publish","type":"page","link":"https:\/\/alcaldiasdn.gob.do\/transparencia\/responsable-de-acceso-a-la-informacion\/","title":{"rendered":"Responsable de Acceso a la Informaci\u00f3n"},"content":{"rendered":"<p>Licda. Odet Rudecindo Polanco<\/p>\n<p><b>Responsable de Acceso a la Informaci\u00f3n (RAI)<\/b><br \/>\nTel\u00e9fono: (809) 331-7171<br \/>\nExtensi\u00f3n: 1114<br \/>\nCorreo electr\u00f3nico: libreacceso@asdn.gob.do<\/p>\n","protected":false},"excerpt":{"rendered":"Licda. Odet Rudecindo Polanco Responsable de Acceso a la Informaci\u00f3n (RAI) Tel\u00e9fono: (809) 331-7171 Extensi\u00f3n: 1114 Correo electr\u00f3nico: libreacceso@asdn.gob.do","protected":false},"author":3,"featured_media":0,"parent":0,"menu_order":0,"comment_status":"closed","ping_status":"closed","template":"","meta":{"footnotes":""},"acf":[],"_links":{"self":[{"href":"https:\/\/alcaldiasdn.gob.do\/transparencia\/wp-json\/wp\/v2\/pages\/258"}],"collection":[{"href":"https:\/\/alcaldiasdn.gob.do\/transparencia\/wp-json\/wp\/v2\/pages"}],"about":[{"href":"https:\/\/alcaldiasdn.gob.do\/transparencia\/wp-json\/wp\/v2\/types\/page"}],"author":[{"embeddable":true,"href":"https:\/\/alcaldiasdn.gob.do\/transparencia\/wp-json\/wp\/v2\/users\/3"}],"replies":[{"embeddable":true,"href":"https:\/\/alcaldiasdn.gob.do\/transparencia\/wp-json\/wp\/v2\/comments?post=258"}],"version-history":[{"count":5,"href":"https:\/\/alcaldiasdn.gob.do\/transparencia\/wp-json\/wp\/v2\/pages\/258\/revisions"}],"predecessor-version":[{"id":14661,"href":"https:\/\/alcaldiasdn.gob.do\/transparencia\/wp-json\/wp\/v2\/pages\/258\/revisions\/14661"}],"wp:attachment":[{"href":"https:\/\/alcaldiasdn.gob.do\/transparencia\/wp-json\/wp\/v2\/media?parent=258"}],"curies":[{"name":"wp","href":"https:\/\/api.w.org\/{rel}","templated":true}]}}