{"id":78,"date":"2017-12-12T11:24:21","date_gmt":"2017-12-12T15:24:21","guid":{"rendered":"http:\/\/ayuntamiento.guineo\/transparencia\/?page_id=78"},"modified":"2025-04-04T11:03:51","modified_gmt":"2025-04-04T15:03:51","slug":"definicion-oaim-oficina-de-acceso-a-la-informacion-municipal","status":"publish","type":"page","link":"https:\/\/alcaldiasdn.gob.do\/transparencia\/definicion-oaim-oficina-de-acceso-a-la-informacion-municipal\/","title":{"rendered":"Definici\u00f3n OAIM (Oficina de Acceso a la Informaci\u00f3n Municipal)"},"content":{"rendered":"<h3><strong>Definici\u00f3n OAI (Oficina de Acceso a la Informaci\u00f3n p\u00fablica)<\/strong><\/h3>\n<p>La Oficina de Acceso a la Informaci\u00f3n (OAI), es un mandato de la Ley General de Libre Acceso a la Informaci\u00f3n P\u00fablica Ley 200-04 y el Decreto No. 130-05 que crea el reglamento de dicha ley, con el objetivo de apoyar a entidades y personas tanto p\u00fablicas como privadas mediante las informaciones solicitadas.<\/p>\n<blockquote>\n<h3><strong>Visi\u00f3n<\/strong><\/h3>\n<\/blockquote>\n<p>Constituirnos en una de las OAIM m\u00e1s respetuosa de la ley 200-04 y su reglamento de aplicaci\u00f3n. Contando con los recursos humanos m\u00e1s calificados, eficientes, actualizados y que presten el mejor servicio al ciudadano en materia de acceso a la informaci\u00f3n.<\/p>\n<blockquote>\n<h3><strong>Misi\u00f3n<\/strong><\/h3>\n<\/blockquote>\n<p>La OAIM tiene como misi\u00f3n cumplir con el deber de garantizar el libre acceso a la informaci\u00f3n y publicar los actos del Ayuntamiento\u00a0de\u00a0Santo Domingo Norte. Y canalizar toda la actividad relacionada con la publicidad de sus actuaciones y resoluciones o cualquiera otra informaci\u00f3n que obre en su poder, a fin de atender las peticiones que le dirijan los ciudadanos en el ejercicio de su derecho al libre acceso a la informaci\u00f3n p\u00fablica.<\/p>\n<blockquote>\n<h3><strong>Definici\u00f3n RAI<\/strong><\/h3>\n<\/blockquote>\n<p>El representante de Acceso a la Informaci\u00f3n, es el responsable de tramitar y facilitar las informaciones requeridas y de ser el canal de comunicaci\u00f3n entre la instituci\u00f3n, ciudadanos y ciudadanas.<\/p>\n<blockquote>\n<h3><strong>Proceso de Solicitud de Informaci\u00f3n:<\/strong><\/h3>\n<\/blockquote>\n<ul>\n<li>Completar el formulario de solicitud de informaci\u00f3n.<\/li>\n<li>Se procede a la revisi\u00f3n de dicho documento con la finalidad de verificar que est\u00e1 debidamente completada(o).<\/li>\n<li>Se hace entrega de acuse de recibo al solicitante.<\/li>\n<li>Seg\u00fan la complejidad de la informaci\u00f3n, se asigna una fecha de entrega. En caso de no ser la OPTIC la entidad competente para ofrecer la informaci\u00f3n requerida, dicha solicitud se refiere a la instituci\u00f3n correspondiente y se le informa al solicitante, el curso que ha tomado su solicitud y la instituci\u00f3n destinataria.<\/li>\n<li>Seguimiento de la(s) solicitud(es) hasta confirmar que se ha suministrado la informaci\u00f3n.<\/li>\n<\/ul>\n<blockquote>\n<h3><strong>Contacto Responsable de Acceso a la Informaci\u00f3n<\/strong><\/h3>\n<p>Lida. Evelyn Pe\u00f1a Henr\u00edquez<\/p>\n<p><b>Responsable de Acceso a la Informaci\u00f3n\u00a0(RAI)<\/b><br \/>\nTel\u00e9fono: (809) 331-7171<br \/>\nExtensi\u00f3n: 1114<br \/>\nCorreo electr\u00f3nico:\u00a0<b><a href=\"mailto:oficinaaccesoalainformacion@asdn.gob.do\" target=\"_blank\" rel=\"noopener\">libreacceso@asdn.gob.do<\/a><\/b><\/p><\/blockquote>\n","protected":false},"excerpt":{"rendered":"Definici\u00f3n OAI (Oficina de Acceso a la Informaci\u00f3n p\u00fablica) La Oficina de Acceso a la Informaci\u00f3n (OAI), es un mandato de la Ley General de Libre Acceso a la Informaci\u00f3n P\u00fablica Ley 200-04 y el Decreto No. 130-05 que crea el reglamento de dicha ley, con el objetivo de apoyar a entidades y personas tanto&#8230;","protected":false},"author":3,"featured_media":565,"parent":0,"menu_order":0,"comment_status":"closed","ping_status":"closed","template":"","meta":{"footnotes":""},"acf":[],"_links":{"self":[{"href":"https:\/\/alcaldiasdn.gob.do\/transparencia\/wp-json\/wp\/v2\/pages\/78"}],"collection":[{"href":"https:\/\/alcaldiasdn.gob.do\/transparencia\/wp-json\/wp\/v2\/pages"}],"about":[{"href":"https:\/\/alcaldiasdn.gob.do\/transparencia\/wp-json\/wp\/v2\/types\/page"}],"author":[{"embeddable":true,"href":"https:\/\/alcaldiasdn.gob.do\/transparencia\/wp-json\/wp\/v2\/users\/3"}],"replies":[{"embeddable":true,"href":"https:\/\/alcaldiasdn.gob.do\/transparencia\/wp-json\/wp\/v2\/comments?post=78"}],"version-history":[{"count":13,"href":"https:\/\/alcaldiasdn.gob.do\/transparencia\/wp-json\/wp\/v2\/pages\/78\/revisions"}],"predecessor-version":[{"id":11589,"href":"https:\/\/alcaldiasdn.gob.do\/transparencia\/wp-json\/wp\/v2\/pages\/78\/revisions\/11589"}],"wp:featuredmedia":[{"embeddable":true,"href":"https:\/\/alcaldiasdn.gob.do\/transparencia\/wp-json\/wp\/v2\/media\/565"}],"wp:attachment":[{"href":"https:\/\/alcaldiasdn.gob.do\/transparencia\/wp-json\/wp\/v2\/media?parent=78"}],"curies":[{"name":"wp","href":"https:\/\/api.w.org\/{rel}","templated":true}]}}